{"id":142,"date":"2025-08-18T12:36:41","date_gmt":"2025-08-18T12:36:41","guid":{"rendered":"https:\/\/dezylez.com\/?page_id=142"},"modified":"2026-04-01T09:39:24","modified_gmt":"2026-04-01T09:39:24","slug":"productos","status":"publish","type":"page","link":"https:\/\/dezylez.com\/?page_id=142","title":{"rendered":"PRODUCTOS"},"content":{"rendered":"\n<div style=\"height:50px\" aria-hidden=\"true\" class=\"wp-block-spacer\"><\/div>\n\n\n\n<h1 class=\"wp-block-heading has-text-align-center has-medium-font-size\">Un sistema modular flexible y pr\u00e1ctico que permite organizar mejor el espacio de almacenamiento en la cocina, de forma que todos los utensilios y accesorios de cocina est\u00e9n visibles y accesibles, aprovechando al m\u00e1ximo el espacio disponible: estos insertos para cajones son la mejor manera de organizar los cajones.<\/h1>\n\n\n\n<div class=\"wp-block-buttons alignfull is-content-justification-center is-layout-flex wp-container-core-buttons-is-layout-a89b3969 wp-block-buttons-is-layout-flex\">\n<div class=\"wp-block-button has-custom-width wp-block-button__width-25 is-style-outline is-style-outline--1\"><a class=\"wp-block-button__link wp-element-button\" href=\"#ver-mas\"><strong>Descubrir<\/strong><\/a><\/div>\n<\/div>\n\n\n\n<figure class=\"wp-block-image alignfull size-full\"><img loading=\"lazy\" decoding=\"async\" width=\"1383\" height=\"722\" src=\"https:\/\/dezylez.com\/wp-content\/uploads\/2025\/11\/FONDO-WEB.png\" alt=\"\" class=\"wp-image-198\" srcset=\"https:\/\/dezylez.com\/wp-content\/uploads\/2025\/11\/FONDO-WEB.png 1383w, https:\/\/dezylez.com\/wp-content\/uploads\/2025\/11\/FONDO-WEB-300x157.png 300w, https:\/\/dezylez.com\/wp-content\/uploads\/2025\/11\/FONDO-WEB-1024x535.png 1024w, https:\/\/dezylez.com\/wp-content\/uploads\/2025\/11\/FONDO-WEB-768x401.png 768w, https:\/\/dezylez.com\/wp-content\/uploads\/2025\/11\/FONDO-WEB-600x313.png 600w\" sizes=\"auto, (max-width: 1383px) 100vw, 1383px\" \/><\/figure>\n\n\n\n<div style=\"height:50px\" aria-hidden=\"true\" class=\"wp-block-spacer\"><\/div>\n\n\n\n<div class=\"wp-block-columns is-layout-flex wp-container-core-columns-is-layout-28f84493 wp-block-columns-is-layout-flex\">\n<div class=\"wp-block-column is-layout-flow wp-block-column-is-layout-flow\">\n<h1 class=\"wp-block-heading has-text-align-left\" id=\"ver-mas\">MATERIALES INNOVADORES<\/h1>\n<\/div>\n\n\n\n<div class=\"wp-block-column is-layout-flow wp-block-column-is-layout-flow\">\n<h6 class=\"wp-block-heading\">ZZ tiene como objetivo organizar los espacios de almacenamiento en la cocina y los accesorios de cocina de la mejor manera posible con un dise\u00f1o simple y lineal y una amplia gama de acabados, prestando siempre gran atenci\u00f3n a la practicidad, lo que hace que sea innovador.<\/h6>\n\n\n\n<p>El componente principal es la base antideslizante aplacada, resultado de una extensa investigaci\u00f3n dirigida a encontrar un material resistente al agua y al vapor, que adem\u00e1s sea duradero, f\u00e1cil de limpiar, con propiedades altamente higi\u00e9nicas, antibacteriano, resistente a los ara\u00f1azos y especialmente adecuado para el contacto con alimentos y humedad.<\/p>\n<\/div>\n<\/div>\n\n\n\n<div class=\"wp-block-columns is-layout-flex wp-container-core-columns-is-layout-28f84493 wp-block-columns-is-layout-flex\">\n<div class=\"wp-block-column is-layout-flow wp-block-column-is-layout-flow\">\n<h1 class=\"wp-block-heading has-text-align-left\" id=\"ver-mas\">PROPIEDADES<\/h1>\n<\/div>\n\n\n\n<div class=\"wp-block-column is-layout-flow wp-block-column-is-layout-flow\">\n<h6 class=\"wp-block-heading\">Su <strong>superficie antideslizante<\/strong> mantiene cada pieza en su lugar, evitando que los cubiertos se deslicen o choquen entre s\u00ed cada vez que abres el caj\u00f3n. Adem\u00e1s, las <strong>perforaciones estrat\u00e9gicamente distribuidas<\/strong> permiten la personalizaci\u00f3n del cubertero.<\/h6>\n\n\n\n<p>Fabricada con materiales de <strong>alta calidad y f\u00e1cil limpieza<\/strong>, esta base se adapta a diferentes tipos de cajones, brindando <strong>orden, protecci\u00f3n y durabilidad<\/strong> a tu cocina.<\/p>\n<\/div>\n<\/div>\n\n\n\n<h1 class=\"wp-block-heading has-text-align-center\" id=\"ver-mas\">ACABADOS<\/h1>\n\n\n\n<h5 class=\"wp-block-heading has-text-align-center\">Las bases est\u00e1n disponibles en antracita, blanco y roble.<\/h5>\n\n\n\n<div class=\"wp-block-columns is-layout-flex wp-container-core-columns-is-layout-28f84493 wp-block-columns-is-layout-flex\">\n<div class=\"wp-block-column is-layout-flow wp-block-column-is-layout-flow\">\n<div class=\"wp-block-columns is-layout-flex wp-container-core-columns-is-layout-28f84493 wp-block-columns-is-layout-flex\">\n<div class=\"wp-block-column is-layout-flow wp-block-column-is-layout-flow\">\n<figure class=\"wp-block-image size-full is-resized\"><img loading=\"lazy\" decoding=\"async\" width=\"546\" height=\"957\" src=\"https:\/\/dezylez.com\/wp-content\/uploads\/2026\/02\/antracita-1300x600_crop.jpg\" alt=\"\" class=\"wp-image-317\" style=\"width:400px\" srcset=\"https:\/\/dezylez.com\/wp-content\/uploads\/2026\/02\/antracita-1300x600_crop.jpg 546w, https:\/\/dezylez.com\/wp-content\/uploads\/2026\/02\/antracita-1300x600_crop-171x300.jpg 171w\" sizes=\"auto, (max-width: 546px) 100vw, 546px\" \/><\/figure>\n\n\n\n<h5 class=\"wp-block-heading has-text-align-center\">Antracita antideslizante <\/h5>\n<\/div>\n<\/div>\n<\/div>\n\n\n\n<div class=\"wp-block-column is-layout-flow wp-block-column-is-layout-flow\">\n<figure class=\"wp-block-image size-full is-resized\"><img loading=\"lazy\" decoding=\"async\" width=\"546\" height=\"957\" src=\"https:\/\/dezylez.com\/wp-content\/uploads\/2026\/02\/purewhite-1300x600_crop.jpg\" alt=\"\" class=\"wp-image-318\" style=\"width:400px\" srcset=\"https:\/\/dezylez.com\/wp-content\/uploads\/2026\/02\/purewhite-1300x600_crop.jpg 546w, https:\/\/dezylez.com\/wp-content\/uploads\/2026\/02\/purewhite-1300x600_crop-171x300.jpg 171w\" sizes=\"auto, (max-width: 546px) 100vw, 546px\" \/><\/figure>\n\n\n\n<h5 class=\"wp-block-heading has-text-align-center\">Antracita antideslizante <\/h5>\n<\/div>\n\n\n\n<div class=\"wp-block-column is-layout-flow wp-block-column-is-layout-flow\">\n<figure class=\"wp-block-image size-full is-resized\"><img loading=\"lazy\" decoding=\"async\" width=\"546\" height=\"957\" src=\"https:\/\/dezylez.com\/wp-content\/uploads\/2026\/03\/75v-roble-azabache-atlas-1300x600_crop.jpg\" alt=\"\" class=\"wp-image-352\" style=\"object-fit:cover;width:400px;height:613px\" srcset=\"https:\/\/dezylez.com\/wp-content\/uploads\/2026\/03\/75v-roble-azabache-atlas-1300x600_crop.jpg 546w, https:\/\/dezylez.com\/wp-content\/uploads\/2026\/03\/75v-roble-azabache-atlas-1300x600_crop-171x300.jpg 171w\" sizes=\"auto, (max-width: 546px) 100vw, 546px\" \/><\/figure>\n\n\n\n<h5 class=\"wp-block-heading has-text-align-center\">Roble Azabache<\/h5>\n<\/div>\n<\/div>\n\n\n\n<h1 class=\"wp-block-heading has-text-align-center\">GROSORES<\/h1>\n\n\n\n<h5 class=\"wp-block-heading has-text-align-center\">DISPONIBLES EN GROSORES DE 10 Y 16 MM<\/h5>\n\n\n\n<div class=\"wp-block-columns is-layout-flex wp-container-core-columns-is-layout-28f84493 wp-block-columns-is-layout-flex\">\n<div class=\"wp-block-column is-layout-flow wp-block-column-is-layout-flow\">\n<figure class=\"wp-block-image aligncenter size-medium is-resized\"><img loading=\"lazy\" decoding=\"async\" width=\"300\" height=\"284\" src=\"https:\/\/dezylez.com\/wp-content\/uploads\/2026\/04\/GROSOR10-300x284.png\" alt=\"\" class=\"wp-image-376\" style=\"aspect-ratio:1.0563674321503131;width:100px\" srcset=\"https:\/\/dezylez.com\/wp-content\/uploads\/2026\/04\/GROSOR10-300x284.png 300w, https:\/\/dezylez.com\/wp-content\/uploads\/2026\/04\/GROSOR10.png 323w\" sizes=\"auto, (max-width: 300px) 100vw, 300px\" \/><\/figure>\n<\/div>\n\n\n\n<div class=\"wp-block-column is-vertically-aligned-center is-layout-flow wp-block-column-is-layout-flow\">\n<figure class=\"wp-block-image aligncenter size-medium is-resized\"><img loading=\"lazy\" decoding=\"async\" width=\"300\" height=\"284\" src=\"https:\/\/dezylez.com\/wp-content\/uploads\/2026\/04\/GRSOR16-300x284.png\" alt=\"\" class=\"wp-image-377\" style=\"width:100px\" srcset=\"https:\/\/dezylez.com\/wp-content\/uploads\/2026\/04\/GRSOR16-300x284.png 300w, https:\/\/dezylez.com\/wp-content\/uploads\/2026\/04\/GRSOR16.png 323w\" sizes=\"auto, (max-width: 300px) 100vw, 300px\" \/><\/figure>\n<\/div>\n<\/div>\n\n\n\n<h2 class=\"wp-block-heading has-text-align-center\">EL DISE\u00d1O DE LAS SEPARACIONES<\/h2>\n\n\n\n<p>En combinaci\u00f3n con la base plateco, las separaciones modulares fabricadas en rechapado de roble permiten dise\u00f1ar la organizaci\u00f3n 100% a su manera.<\/p>\n\n\n\n<p class=\"has-text-align-center\">Su dise\u00f1o geom\u00e9trico es el complemento perfecto,<br>creando un equilibrio sencillo y funcional.<\/p>\n\n\n\n<div class=\"wp-block-columns is-layout-flex wp-container-core-columns-is-layout-28f84493 wp-block-columns-is-layout-flex\">\n<div class=\"wp-block-column is-layout-flow wp-block-column-is-layout-flow\">\n<div class=\"wp-block-columns is-layout-flex wp-container-core-columns-is-layout-28f84493 wp-block-columns-is-layout-flex\">\n<div class=\"wp-block-column is-layout-flow wp-block-column-is-layout-flow\">\n<figure class=\"wp-block-image size-full\"><img loading=\"lazy\" decoding=\"async\" width=\"1868\" height=\"1308\" src=\"https:\/\/dezylez.com\/wp-content\/uploads\/2026\/03\/SEPARACION-CUBIERTOS.png\" alt=\"\" class=\"wp-image-343\" srcset=\"https:\/\/dezylez.com\/wp-content\/uploads\/2026\/03\/SEPARACION-CUBIERTOS.png 1868w, https:\/\/dezylez.com\/wp-content\/uploads\/2026\/03\/SEPARACION-CUBIERTOS-300x210.png 300w, https:\/\/dezylez.com\/wp-content\/uploads\/2026\/03\/SEPARACION-CUBIERTOS-1024x717.png 1024w, https:\/\/dezylez.com\/wp-content\/uploads\/2026\/03\/SEPARACION-CUBIERTOS-768x538.png 768w, https:\/\/dezylez.com\/wp-content\/uploads\/2026\/03\/SEPARACION-CUBIERTOS-1536x1076.png 1536w, https:\/\/dezylez.com\/wp-content\/uploads\/2026\/03\/SEPARACION-CUBIERTOS-600x420.png 600w\" sizes=\"auto, (max-width: 1868px) 100vw, 1868px\" \/><\/figure>\n\n\n\n<h5 class=\"wp-block-heading has-text-align-center\">Roble Natural<\/h5>\n<\/div>\n<\/div>\n<\/div>\n\n\n\n<div class=\"wp-block-column is-layout-flow wp-block-column-is-layout-flow\">\n<figure class=\"wp-block-image size-full\"><img loading=\"lazy\" decoding=\"async\" width=\"1868\" height=\"1308\" src=\"https:\/\/dezylez.com\/wp-content\/uploads\/2026\/03\/SEPARACION-CUBIERTOSNEGRO.png\" alt=\"\" class=\"wp-image-344\" srcset=\"https:\/\/dezylez.com\/wp-content\/uploads\/2026\/03\/SEPARACION-CUBIERTOSNEGRO.png 1868w, https:\/\/dezylez.com\/wp-content\/uploads\/2026\/03\/SEPARACION-CUBIERTOSNEGRO-300x210.png 300w, https:\/\/dezylez.com\/wp-content\/uploads\/2026\/03\/SEPARACION-CUBIERTOSNEGRO-1024x717.png 1024w, https:\/\/dezylez.com\/wp-content\/uploads\/2026\/03\/SEPARACION-CUBIERTOSNEGRO-768x538.png 768w, https:\/\/dezylez.com\/wp-content\/uploads\/2026\/03\/SEPARACION-CUBIERTOSNEGRO-1536x1076.png 1536w, https:\/\/dezylez.com\/wp-content\/uploads\/2026\/03\/SEPARACION-CUBIERTOSNEGRO-600x420.png 600w\" sizes=\"auto, (max-width: 1868px) 100vw, 1868px\" \/><\/figure>\n\n\n\n<h5 class=\"wp-block-heading has-text-align-center\">Roble Negro<\/h5>\n<\/div>\n\n\n\n<div class=\"wp-block-column is-layout-flow wp-block-column-is-layout-flow\">\n<figure class=\"wp-block-image size-full\"><img loading=\"lazy\" decoding=\"async\" width=\"1868\" height=\"1308\" src=\"https:\/\/dezylez.com\/wp-content\/uploads\/2026\/03\/SEPARACION-CUBIERTOSMOGAL.png\" alt=\"\" class=\"wp-image-345\" srcset=\"https:\/\/dezylez.com\/wp-content\/uploads\/2026\/03\/SEPARACION-CUBIERTOSMOGAL.png 1868w, https:\/\/dezylez.com\/wp-content\/uploads\/2026\/03\/SEPARACION-CUBIERTOSMOGAL-300x210.png 300w, https:\/\/dezylez.com\/wp-content\/uploads\/2026\/03\/SEPARACION-CUBIERTOSMOGAL-1024x717.png 1024w, https:\/\/dezylez.com\/wp-content\/uploads\/2026\/03\/SEPARACION-CUBIERTOSMOGAL-768x538.png 768w, https:\/\/dezylez.com\/wp-content\/uploads\/2026\/03\/SEPARACION-CUBIERTOSMOGAL-1536x1076.png 1536w, https:\/\/dezylez.com\/wp-content\/uploads\/2026\/03\/SEPARACION-CUBIERTOSMOGAL-600x420.png 600w\" sizes=\"auto, (max-width: 1868px) 100vw, 1868px\" \/><\/figure>\n\n\n\n<h5 class=\"wp-block-heading has-text-align-center\">Nogal<\/h5>\n<\/div>\n<\/div>\n\n\n\n<div style=\"height:100px\" aria-hidden=\"true\" class=\"wp-block-spacer\"><\/div>\n\n\n\n<h2 class=\"wp-block-heading has-text-align-center\">LA INSTALACI\u00d3N<\/h2>\n\n\n\n<p class=\"has-text-align-center\">Gracias a la sencillez de su dise\u00f1o optimizado,<br>la instalaci\u00f3n de las bases plate<strong>co<\/strong>&nbsp;se lleva a cabo<br>en sencillos pasos y garantiza una<br>instalaci\u00f3n perfecta y duradera, as\u00ed como un acabado impecable<br>en t\u00e9rminos de alineaci\u00f3n y precisi\u00f3n.<\/p>\n\n\n\n<h2 class=\"wp-block-heading has-text-align-center\">CON SOLO UN PAR DE REFERENCIAS<\/h2>\n\n\n\n<div style=\"height:100px\" aria-hidden=\"true\" class=\"wp-block-spacer\"><\/div>\n\n\n\n<div class=\"wp-block-columns is-layout-flex wp-container-core-columns-is-layout-28f84493 wp-block-columns-is-layout-flex\">\n<div class=\"wp-block-column is-vertically-aligned-center is-layout-flow wp-block-column-is-layout-flow\">\n<figure class=\"wp-block-image size-large\"><img loading=\"lazy\" decoding=\"async\" width=\"1024\" height=\"805\" src=\"https:\/\/dezylez.com\/wp-content\/uploads\/2026\/03\/XO1-1024x805.jpg\" alt=\"\" class=\"wp-image-348\" srcset=\"https:\/\/dezylez.com\/wp-content\/uploads\/2026\/03\/XO1-1024x805.jpg 1024w, https:\/\/dezylez.com\/wp-content\/uploads\/2026\/03\/XO1-300x236.jpg 300w, https:\/\/dezylez.com\/wp-content\/uploads\/2026\/03\/XO1-768x604.jpg 768w, https:\/\/dezylez.com\/wp-content\/uploads\/2026\/03\/XO1-1536x1207.jpg 1536w, https:\/\/dezylez.com\/wp-content\/uploads\/2026\/03\/XO1-2048x1610.jpg 2048w, https:\/\/dezylez.com\/wp-content\/uploads\/2026\/03\/XO1-600x472.jpg 600w\" sizes=\"auto, (max-width: 1024px) 100vw, 1024px\" \/><\/figure>\n<\/div>\n\n\n\n<div class=\"wp-block-column is-vertically-aligned-center is-layout-flow wp-block-column-is-layout-flow\">\n<h1 class=\"wp-block-heading has-text-align-center\">+<\/h1>\n<\/div>\n\n\n\n<div class=\"wp-block-column is-vertically-aligned-center is-layout-flow wp-block-column-is-layout-flow\">\n<figure class=\"wp-block-image size-large\"><img loading=\"lazy\" decoding=\"async\" width=\"1024\" height=\"717\" src=\"https:\/\/dezylez.com\/wp-content\/uploads\/2026\/03\/SEPARACION-CUBIERTOS-1024x717.png\" alt=\"\" class=\"wp-image-343\" srcset=\"https:\/\/dezylez.com\/wp-content\/uploads\/2026\/03\/SEPARACION-CUBIERTOS-1024x717.png 1024w, https:\/\/dezylez.com\/wp-content\/uploads\/2026\/03\/SEPARACION-CUBIERTOS-300x210.png 300w, https:\/\/dezylez.com\/wp-content\/uploads\/2026\/03\/SEPARACION-CUBIERTOS-768x538.png 768w, https:\/\/dezylez.com\/wp-content\/uploads\/2026\/03\/SEPARACION-CUBIERTOS-1536x1076.png 1536w, https:\/\/dezylez.com\/wp-content\/uploads\/2026\/03\/SEPARACION-CUBIERTOS-600x420.png 600w, https:\/\/dezylez.com\/wp-content\/uploads\/2026\/03\/SEPARACION-CUBIERTOS.png 1868w\" sizes=\"auto, (max-width: 1024px) 100vw, 1024px\" \/><\/figure>\n<\/div>\n\n\n\n<div class=\"wp-block-column is-vertically-aligned-center is-layout-flow wp-block-column-is-layout-flow\">\n<h1 class=\"wp-block-heading has-text-align-center\">+<\/h1>\n<\/div>\n\n\n\n<div class=\"wp-block-column is-vertically-aligned-center is-layout-flow wp-block-column-is-layout-flow\">\n<figure class=\"wp-block-image size-large\"><img loading=\"lazy\" decoding=\"async\" width=\"1024\" height=\"777\" src=\"https:\/\/dezylez.com\/wp-content\/uploads\/2026\/03\/60REAL-1024x777.png\" alt=\"\" class=\"wp-image-349\" srcset=\"https:\/\/dezylez.com\/wp-content\/uploads\/2026\/03\/60REAL-1024x777.png 1024w, https:\/\/dezylez.com\/wp-content\/uploads\/2026\/03\/60REAL-300x228.png 300w, https:\/\/dezylez.com\/wp-content\/uploads\/2026\/03\/60REAL-768x582.png 768w, https:\/\/dezylez.com\/wp-content\/uploads\/2026\/03\/60REAL-600x455.png 600w, https:\/\/dezylez.com\/wp-content\/uploads\/2026\/03\/60REAL.png 1080w\" sizes=\"auto, (max-width: 1024px) 100vw, 1024px\" \/><\/figure>\n<\/div>\n<\/div>\n","protected":false},"excerpt":{"rendered":"<p>Un sistema modular flexible y pr\u00e1ctico que permite organizar mejor el espacio de almacenamiento en la cocina, de forma que [&hellip;]<\/p>\n","protected":false},"author":1,"featured_media":0,"parent":0,"menu_order":0,"comment_status":"closed","ping_status":"closed","template":"","meta":{"site-sidebar-layout":"default","site-content-layout":"","ast-site-content-layout":"default","site-content-style":"default","site-sidebar-style":"default","ast-global-header-display":"","ast-banner-title-visibility":"","ast-main-header-display":"","ast-hfb-above-header-display":"","ast-hfb-below-header-display":"","ast-hfb-mobile-header-display":"","site-post-title":"disabled","ast-breadcrumbs-content":"","ast-featured-img":"","footer-sml-layout":"","ast-disable-related-posts":"","theme-transparent-header-meta":"","adv-header-id-meta":"","stick-header-meta":"","header-above-stick-meta":"","header-main-stick-meta":"","header-below-stick-meta":"","astra-migrate-meta-layouts":"default","ast-page-background-enabled":"default","ast-page-background-meta":{"desktop":{"background-color":"var(--ast-global-color-5)","background-image":"","background-repeat":"repeat","background-position":"center center","background-size":"auto","background-attachment":"scroll","background-type":"","background-media":"","overlay-type":"","overlay-color":"","overlay-opacity":"","overlay-gradient":""},"tablet":{"background-color":"","background-image":"","background-repeat":"repeat","background-position":"center center","background-size":"auto","background-attachment":"scroll","background-type":"","background-media":"","overlay-type":"","overlay-color":"","overlay-opacity":"","overlay-gradient":""},"mobile":{"background-color":"","background-image":"","background-repeat":"repeat","background-position":"center center","background-size":"auto","background-attachment":"scroll","background-type":"","background-media":"","overlay-type":"","overlay-color":"","overlay-opacity":"","overlay-gradient":""}},"ast-content-background-meta":{"desktop":{"background-color":"var(--ast-global-color-4)","background-image":"","background-repeat":"repeat","background-position":"center center","background-size":"auto","background-attachment":"scroll","background-type":"","background-media":"","overlay-type":"","overlay-color":"","overlay-opacity":"","overlay-gradient":""},"tablet":{"background-color":"var(--ast-global-color-4)","background-image":"","background-repeat":"repeat","background-position":"center center","background-size":"auto","background-attachment":"scroll","background-type":"","background-media":"","overlay-type":"","overlay-color":"","overlay-opacity":"","overlay-gradient":""},"mobile":{"background-color":"var(--ast-global-color-4)","background-image":"","background-repeat":"repeat","background-position":"center center","background-size":"auto","background-attachment":"scroll","background-type":"","background-media":"","overlay-type":"","overlay-color":"","overlay-opacity":"","overlay-gradient":""}},"footnotes":""},"class_list":["post-142","page","type-page","status-publish","hentry"],"jetpack_sharing_enabled":true,"_links":{"self":[{"href":"https:\/\/dezylez.com\/index.php?rest_route=\/wp\/v2\/pages\/142","targetHints":{"allow":["GET"]}}],"collection":[{"href":"https:\/\/dezylez.com\/index.php?rest_route=\/wp\/v2\/pages"}],"about":[{"href":"https:\/\/dezylez.com\/index.php?rest_route=\/wp\/v2\/types\/page"}],"author":[{"embeddable":true,"href":"https:\/\/dezylez.com\/index.php?rest_route=\/wp\/v2\/users\/1"}],"replies":[{"embeddable":true,"href":"https:\/\/dezylez.com\/index.php?rest_route=%2Fwp%2Fv2%2Fcomments&post=142"}],"version-history":[{"count":33,"href":"https:\/\/dezylez.com\/index.php?rest_route=\/wp\/v2\/pages\/142\/revisions"}],"predecessor-version":[{"id":381,"href":"https:\/\/dezylez.com\/index.php?rest_route=\/wp\/v2\/pages\/142\/revisions\/381"}],"wp:attachment":[{"href":"https:\/\/dezylez.com\/index.php?rest_route=%2Fwp%2Fv2%2Fmedia&parent=142"}],"curies":[{"name":"wp","href":"https:\/\/api.w.org\/{rel}","templated":true}]}}