{"id":15,"date":"2025-07-28T11:00:30","date_gmt":"2025-07-28T11:00:30","guid":{"rendered":"https:\/\/dezylez.com\/?page_id=15"},"modified":"2026-03-18T12:15:27","modified_gmt":"2026-03-18T12:15:27","slug":"inicio","status":"publish","type":"page","link":"https:\/\/dezylez.com\/","title":{"rendered":"inicio"},"content":{"rendered":"\n<div class=\"wp-block-cover alignfull is-light has-parallax has-custom-content-position is-position-bottom-center\" style=\"min-height:100vh;aspect-ratio:unset;\"><div class=\"wp-block-cover__image-background wp-image-237 size-full has-parallax\" style=\"background-position:50% 50%;background-image:url(https:\/\/dezylez.com\/wp-content\/uploads\/2025\/12\/unnamed3-scaled.jpg)\"><\/div><span aria-hidden=\"true\" class=\"wp-block-cover__background has-background-dim\" style=\"background-color:#9b9084\"><\/span><div class=\"wp-block-cover__inner-container is-layout-constrained wp-block-cover-is-layout-constrained\">\n<div class=\"wp-block-cover is-light has-custom-content-position is-position-bottom-center has-aspect-ratio\" style=\"padding-top:0;padding-bottom:0;aspect-ratio:auto;min-height:unset;\"><span aria-hidden=\"true\" class=\"wp-block-cover__background has-ast-global-color-0-background-color has-background-dim\"><\/span><div class=\"wp-block-cover__inner-container is-layout-flow wp-block-cover-is-layout-flow\">\n<h1 class=\"wp-block-heading alignfull has-text-align-center has-ast-global-color-4-color has-text-color has-link-color has-x-large-font-size wp-elements-a3a5687ac80019a4521c7204f914c970\">Un sistema, infinitas posibilidades<\/h1>\n\n\n\n<p class=\"has-text-align-center has-ast-global-color-1-color has-text-color has-link-color has-medium-font-size wp-elements-cf80c91328918191daa636d6b6d1dd00\">Plate<strong>co<\/strong> consiste en una base&nbsp;perforada , en el que se&nbsp;<strong>fijan accesorios de uso cotidiano<\/strong>&nbsp;y que pueden moverse o desmontarse de forma f\u00e1cil, inmediata y sin necesidad de cambiarlo.<\/p>\n<\/div><\/div>\n<\/div><\/div>\n\n\n\n<div class=\"wp-block-cover alignfull has-custom-content-position is-position-top-left\"><span aria-hidden=\"true\" class=\"wp-block-cover__background has-ast-global-color-0-background-color has-background-dim-100 has-background-dim\"><\/span><div class=\"wp-block-cover__inner-container is-layout-constrained wp-block-cover-is-layout-constrained\">\n<div class=\"wp-block-columns is-layout-flex wp-container-core-columns-is-layout-28f84493 wp-block-columns-is-layout-flex\">\n<div class=\"wp-block-column is-layout-flow wp-block-column-is-layout-flow\">\n<h2 class=\"wp-block-heading has-ast-global-color-1-color has-text-color has-link-color wp-elements-a4de0d5a4e9529c32c87f64e10c0e710\">Da nueva vida a tus ambientes<\/h2>\n\n\n\n<p class=\"has-ast-global-color-1-color has-text-color has-link-color wp-elements-7170e279b1dfc614feda12c3f1a2b7b6\">Fruto del encuentro entre innovaci\u00f3n, dise\u00f1o y artesan\u00eda\u00a0<strong>hecho en Espa\u00f1a<\/strong>.<\/p>\n\n\n\n<p class=\"has-ast-global-color-1-color has-text-color has-link-color wp-elements-4cee022a6b6dee5eade5f32286ef86f4\">La idea surge del deseo de mejorar y optimizar los movimientos que tienen lugar en el hogar a diario, empezando por los lugares donde las personas se re\u00fanen y comparten sus hogares:\u00a0<strong>desde la cocina hasta la sala y el ba\u00f1o.<\/strong><\/p>\n<\/div>\n\n\n\n<div class=\"wp-block-column is-layout-flow wp-block-column-is-layout-flow\"><\/div>\n<\/div>\n<\/div><\/div>\n\n\n\n<div class=\"wp-block-group is-layout-constrained wp-block-group-is-layout-constrained\">\n<div class=\"wp-block-columns is-layout-flex wp-container-core-columns-is-layout-28f84493 wp-block-columns-is-layout-flex\">\n<div class=\"wp-block-column is-layout-flow wp-block-column-is-layout-flow\">\n<figure class=\"wp-block-image aligncenter size-full\"><img loading=\"lazy\" decoding=\"async\" width=\"1024\" height=\"674\" src=\"https:\/\/dezylez.com\/wp-content\/uploads\/2026\/01\/muestrario-real3.png\" alt=\"\" class=\"wp-image-252\" style=\"object-fit:cover\" srcset=\"https:\/\/dezylez.com\/wp-content\/uploads\/2026\/01\/muestrario-real3.png 1024w, https:\/\/dezylez.com\/wp-content\/uploads\/2026\/01\/muestrario-real3-300x197.png 300w, https:\/\/dezylez.com\/wp-content\/uploads\/2026\/01\/muestrario-real3-768x506.png 768w, https:\/\/dezylez.com\/wp-content\/uploads\/2026\/01\/muestrario-real3-600x395.png 600w\" sizes=\"auto, (max-width: 1024px) 100vw, 1024px\" \/><\/figure>\n<\/div>\n\n\n\n<div class=\"wp-block-column is-layout-flow wp-block-column-is-layout-flow\">\n<h2 class=\"wp-block-heading\"><strong>Solicitar un muestrario<\/strong><\/h2>\n\n\n\n<p>\u00bfQuieres saber m\u00e1s sobre nuestras colecciones y los acabados disponibles?<br>Solicita nuestro nuevo muestrario.<\/p>\n\n\n<div class=\"wp-block-jetpack-contact-form is-layout-flex wp-container-jetpack-contact-form-is-layout-2b4208ba wp-block-jetpack-contact-form-is-layout-flex\"><a href=\"https:\/\/dezylez.com\/\" target=\"_blank\" rel=\"noopener noreferrer\">Env\u00eda un formulario.<\/a><\/div><\/div>\n<\/div>\n<\/div>\n\n\n\n<h2 class=\"wp-block-heading\">\u00bfQuieres ser distribuidor?<\/h2>\n\n\n\n<h4 class=\"wp-block-heading\">Si te interesa recibir informaci\u00f3n o la visita de un comercial, por favor rellena y env\u00eda este formulario.<\/h4>\n\n\n<div class=\"wp-block-jetpack-contact-form is-layout-flex wp-container-jetpack-contact-form-is-layout-2b4208ba wp-block-jetpack-contact-form-is-layout-flex\"><a href=\"https:\/\/dezylez.com\/\" target=\"_blank\" rel=\"noopener noreferrer\">Env\u00eda un formulario.<\/a><\/div>","protected":false},"excerpt":{"rendered":"<p>Solicitar un muestrario \u00bfQuieres saber m\u00e1s sobre nuestras colecciones y los acabados disponibles?Solicita nuestro nuevo muestrario. \u00bfQuieres ser distribuidor? Si [&hellip;]<\/p>\n","protected":false},"author":1,"featured_media":0,"parent":0,"menu_order":0,"comment_status":"closed","ping_status":"closed","template":"","meta":{"site-sidebar-layout":"default","site-content-layout":"","ast-site-content-layout":"default","site-content-style":"default","site-sidebar-style":"default","ast-global-header-display":"","ast-banner-title-visibility":"","ast-main-header-display":"","ast-hfb-above-header-display":"","ast-hfb-below-header-display":"","ast-hfb-mobile-header-display":"","site-post-title":"disabled","ast-breadcrumbs-content":"","ast-featured-img":"","footer-sml-layout":"","ast-disable-related-posts":"","theme-transparent-header-meta":"","adv-header-id-meta":"","stick-header-meta":"","header-above-stick-meta":"","header-main-stick-meta":"","header-below-stick-meta":"","astra-migrate-meta-layouts":"default","ast-page-background-enabled":"default","ast-page-background-meta":{"desktop":{"background-color":"var(--ast-global-color-5)","background-image":"","background-repeat":"repeat","background-position":"center center","background-size":"auto","background-attachment":"scroll","background-type":"","background-media":"","overlay-type":"","overlay-color":"","overlay-opacity":"","overlay-gradient":""},"tablet":{"background-color":"","background-image":"","background-repeat":"repeat","background-position":"center center","background-size":"auto","background-attachment":"scroll","background-type":"","background-media":"","overlay-type":"","overlay-color":"","overlay-opacity":"","overlay-gradient":""},"mobile":{"background-color":"","background-image":"","background-repeat":"repeat","background-position":"center center","background-size":"auto","background-attachment":"scroll","background-type":"","background-media":"","overlay-type":"","overlay-color":"","overlay-opacity":"","overlay-gradient":""}},"ast-content-background-meta":{"desktop":{"background-color":"var(--ast-global-color-4)","background-image":"","background-repeat":"repeat","background-position":"center center","background-size":"auto","background-attachment":"scroll","background-type":"","background-media":"","overlay-type":"","overlay-color":"","overlay-opacity":"","overlay-gradient":""},"tablet":{"background-color":"var(--ast-global-color-4)","background-image":"","background-repeat":"repeat","background-position":"center center","background-size":"auto","background-attachment":"scroll","background-type":"","background-media":"","overlay-type":"","overlay-color":"","overlay-opacity":"","overlay-gradient":""},"mobile":{"background-color":"var(--ast-global-color-4)","background-image":"","background-repeat":"repeat","background-position":"center center","background-size":"auto","background-attachment":"scroll","background-type":"","background-media":"","overlay-type":"","overlay-color":"","overlay-opacity":"","overlay-gradient":""}},"footnotes":""},"class_list":["post-15","page","type-page","status-publish","hentry"],"jetpack_sharing_enabled":true,"_links":{"self":[{"href":"https:\/\/dezylez.com\/index.php?rest_route=\/wp\/v2\/pages\/15","targetHints":{"allow":["GET"]}}],"collection":[{"href":"https:\/\/dezylez.com\/index.php?rest_route=\/wp\/v2\/pages"}],"about":[{"href":"https:\/\/dezylez.com\/index.php?rest_route=\/wp\/v2\/types\/page"}],"author":[{"embeddable":true,"href":"https:\/\/dezylez.com\/index.php?rest_route=\/wp\/v2\/users\/1"}],"replies":[{"embeddable":true,"href":"https:\/\/dezylez.com\/index.php?rest_route=%2Fwp%2Fv2%2Fcomments&post=15"}],"version-history":[{"count":31,"href":"https:\/\/dezylez.com\/index.php?rest_route=\/wp\/v2\/pages\/15\/revisions"}],"predecessor-version":[{"id":340,"href":"https:\/\/dezylez.com\/index.php?rest_route=\/wp\/v2\/pages\/15\/revisions\/340"}],"wp:attachment":[{"href":"https:\/\/dezylez.com\/index.php?rest_route=%2Fwp%2Fv2%2Fmedia&parent=15"}],"curies":[{"name":"wp","href":"https:\/\/api.w.org\/{rel}","templated":true}]}}